{"id":7579,"date":"2019-12-24T22:32:52","date_gmt":"2019-12-24T20:32:52","guid":{"rendered":"http:\/\/www.demirce.com\/?page_id=7579"},"modified":"2024-10-28T12:51:08","modified_gmt":"2024-10-28T10:51:08","slug":"demirce-norms-at-architecture-interiors","status":"publish","type":"page","link":"https:\/\/www.demirce.com\/en\/","title":{"rendered":"Demirce Norms for Architecture &#038; Interior"},"content":{"rendered":"<section id=\"hakkimizda\" class=\"tcvpb_section_tc section_with_header\" style=\"padding-top:34px;\">\n\t\t<header><div class=\"tcvpb_container\"><h3>ABOUT US<\/h3><div class=\"tcvpb_section_header_icon\"><i class=\"typicons-document-text\"><\/i><\/div><\/div><\/header>\n\t\t<div class=\"tcvpb_section_content\"><div class=\"tcvpb_container\"><div class=\"tcvpb_column_tc_span12\"><h3  ><span>\n<p class=\"p_tc\"><span style=\"font-size: 8pt;\">DEMIRCE has taken on the responsibility of producing spaces in a manner respectful of the world's resources. It sees architecture as an organism that must be operated both with theoretical references to its intellectual dimensions and practical considerations for its feasibility. DEMIRCE is a vision that aims to ask the right questions at the right time, and the answers it finds shed light on the right spaces.<\/span><\/p>\n<p class=\"p_tc\"><span style=\"font-size: 8pt;\">DEMIRCE has taken on the responsibility of producing spaces in a manner respectful of the world's resources. It sees architecture as an organism that must be operated both with theoretical references to its intellectual dimensions and practical considerations for its feasibility. DEMIRCE is a vision that aims to ask the right questions at the right time, and the answers it finds shed light on the right spaces.<\/span><\/p>\n<p class=\"p_tc\" style=\"text-align: center;\"><span style=\"font-size: 8pt;\">DEM\u0130RCE NORMS TEAM<\/span><\/p>\n<\/span><\/h3><div  class=\"tcvpb_divider tcvpb_divider_solid\"><a href=\"#\" class=\"backtotop\"><\/a><\/div><\/div><\/div><\/div>\n\t\t\n\t\t\n\t<\/section><section class=\"tcvpb_section_tc section_body_fullwidth section_with_header\">\n\t\t<header><div class=\"tcvpb_container\"><h3>PORTFOLYO<\/h3><\/div><\/header>\n\t\t<div class=\"tcvpb_section_content\"><div class=\"tcvpb_container\"><div class=\"tcvpb_column_tc_span12\"><ul id=\"filters\" class=\"portfolio_filter option-set clearfix\" data-option-key=\"filter\"><li><a href=\"#filter\" data-option-value=\"*\" class=\"selected\">All<\/a><\/li><li><a href=\"#filter\" data-option-value=\".educational\">EDUCATIONAL<\/a><\/li><li><a href=\"#filter\" data-option-value=\".mixed-use\">MIXED-USE<\/a><\/li><li><a href=\"#filter\" data-option-value=\".competition\">COMPETITION<\/a><\/li><li><a href=\"#filter\" data-option-value=\".residential\">RESIDENCE<\/a><\/li><li><a href=\"#filter\" data-option-value=\".interior_design\">INTERIOR DESIGN<\/a><\/li><li><a href=\"#filter\" data-option-value=\".hotel\">HOTEL<\/a><\/li><\/ul>\n\t\t<div id=\"ABdev_latest_portfolio\" class=\"portfolio_items clearfix ab_latest_portfolio\">\n\t\t\t<div class=\"portfolio_item portfolio_item_4 educational mixed-use competition\">\n\t\t\t\t<figure class=\"effect-sadie\">\n\t\t\t\t\t<img loading=\"lazy\" decoding=\"async\" width=\"788\" height=\"443\" src=\"https:\/\/www.demirce.com\/resimler\/XDFF.jpg\" class=\"attachment-post-thumbnail size-post-thumbnail wp-post-image\" alt=\"\" srcset=\"https:\/\/www.demirce.com\/resimler\/XDFF.jpg 788w, https:\/\/www.demirce.com\/resimler\/XDFF-768x432.jpg 768w\" sizes=\"(max-width: 788px) 100vw, 788px\" \/>\n\t\t\t\t\t<figcaption>\n\t\t\t\t\t\t<h4>IZTU CAMPUS CAMPUS DESIGN COMPETITION<\/h4>\n\t\t\t\t\t\t<p>E\u011e\u0130T\u0130M, KARMA KULLANIM, YARI\u015eMA<\/p>\n\t\t\t\t\t\t<a href=\"https:\/\/www.demirce.com\/en\/portfolio\/izmir-tinaztepe-universitesi-kampus-yerleskesi-tasarim-yarismasi\/\"><span class=\"screen-reader-text\">overlay link<\/span><\/a>\n\t\t\t\t\t<\/figcaption>\n\t\t\t\t<\/figure>\n\t\t\t<\/div>\n\t\t\t<div class=\"portfolio_item portfolio_item_4 residential\">\n\t\t\t\t<figure class=\"effect-sadie\">\n\t\t\t\t\t<img loading=\"lazy\" decoding=\"async\" width=\"788\" height=\"443\" src=\"https:\/\/www.demirce.com\/resimler\/KAPAK.jpg\" class=\"attachment-post-thumbnail size-post-thumbnail wp-post-image\" alt=\"\" srcset=\"https:\/\/www.demirce.com\/resimler\/KAPAK.jpg 788w, https:\/\/www.demirce.com\/resimler\/KAPAK-768x432.jpg 768w\" sizes=\"(max-width: 788px) 100vw, 788px\" \/>\n\t\t\t\t\t<figcaption>\n\t\t\t\t\t\t<h4>ATLAS AZUR<\/h4>\n\t\t\t\t\t\t<p>RESIDENCE<\/p>\n\t\t\t\t\t\t<a href=\"https:\/\/www.demirce.com\/en\/portfolio\/atlas-azur\/\"><span class=\"screen-reader-text\">overlay link<\/span><\/a>\n\t\t\t\t\t<\/figcaption>\n\t\t\t\t<\/figure>\n\t\t\t<\/div>\n\t\t\t<div class=\"portfolio_item portfolio_item_4 interior_design hotel\">\n\t\t\t\t<figure class=\"effect-sadie\">\n\t\t\t\t\t<img loading=\"lazy\" decoding=\"async\" width=\"788\" height=\"443\" src=\"https:\/\/www.demirce.com\/resimler\/HOTEL-LUSSO-G\u00d6RSEL-KAPAK-.jpg\" class=\"attachment-post-thumbnail size-post-thumbnail wp-post-image\" alt=\"\" srcset=\"https:\/\/www.demirce.com\/resimler\/HOTEL-LUSSO-G\u00d6RSEL-KAPAK-.jpg 788w, https:\/\/www.demirce.com\/resimler\/HOTEL-LUSSO-G\u00d6RSEL-KAPAK--768x432.jpg 768w\" sizes=\"(max-width: 788px) 100vw, 788px\" \/>\n\t\t\t\t\t<figcaption>\n\t\t\t\t\t\t<h4>OTEL LUSSO<\/h4>\n\t\t\t\t\t\t<p>\u0130\u00c7 M\u0130MAR\u0130, OTEL<\/p>\n\t\t\t\t\t\t<a href=\"https:\/\/www.demirce.com\/en\/portfolio\/otel-lusso\/\"><span class=\"screen-reader-text\">overlay link<\/span><\/a>\n\t\t\t\t\t<\/figcaption>\n\t\t\t\t<\/figure>\n\t\t\t<\/div>\n\t\t\t<div class=\"portfolio_item portfolio_item_4 interior_design hotel residential\">\n\t\t\t\t<figure class=\"effect-sadie\">\n\t\t\t\t\t<img loading=\"lazy\" decoding=\"async\" width=\"788\" height=\"443\" src=\"https:\/\/www.demirce.com\/resimler\/kapak-g\u00f6rsel-.jpg\" class=\"attachment-post-thumbnail size-post-thumbnail wp-post-image\" alt=\"\" srcset=\"https:\/\/www.demirce.com\/resimler\/kapak-g\u00f6rsel-.jpg 788w, https:\/\/www.demirce.com\/resimler\/kapak-g\u00f6rsel--768x432.jpg 768w\" sizes=\"(max-width: 788px) 100vw, 788px\" \/>\n\t\t\t\t\t<figcaption>\n\t\t\t\t\t\t<h4>COORDINAT BORNOVA INTERIOR<\/h4>\n\t\t\t\t\t\t<p>\u0130\u00c7 M\u0130MAR\u0130, OTEL, REZ\u0130DANS<\/p>\n\t\t\t\t\t\t<a href=\"https:\/\/www.demirce.com\/en\/portfolio\/coordinat-bornova-ic-mekan\/\"><span class=\"screen-reader-text\">overlay link<\/span><\/a>\n\t\t\t\t\t<\/figcaption>\n\t\t\t\t<\/figure>\n\t\t\t<\/div>\n\t\t\t<div class=\"portfolio_item portfolio_item_4 interior_design hotel\">\n\t\t\t\t<figure class=\"effect-sadie\">\n\t\t\t\t\t<img loading=\"lazy\" decoding=\"async\" width=\"1600\" height=\"900\" src=\"https:\/\/www.demirce.com\/resimler\/image_preview-5-10.jpeg\" class=\"attachment-post-thumbnail size-post-thumbnail wp-post-image\" alt=\"\" srcset=\"https:\/\/www.demirce.com\/resimler\/image_preview-5-10.jpeg 1600w, https:\/\/www.demirce.com\/resimler\/image_preview-5-10-768x432.jpeg 768w\" sizes=\"(max-width: 1600px) 100vw, 1600px\" \/>\n\t\t\t\t\t<figcaption>\n\t\t\t\t\t\t<h4>OTEL DECO<\/h4>\n\t\t\t\t\t\t<p>\u0130\u00c7 M\u0130MAR\u0130, OTEL<\/p>\n\t\t\t\t\t\t<a href=\"https:\/\/www.demirce.com\/en\/portfolio\/7047-2\/\"><span class=\"screen-reader-text\">overlay link<\/span><\/a>\n\t\t\t\t\t<\/figcaption>\n\t\t\t\t<\/figure>\n\t\t\t<\/div>\n\t\t\t<div class=\"portfolio_item portfolio_item_4 interior_design hotel\">\n\t\t\t\t<figure class=\"effect-sadie\">\n\t\t\t\t\t<img loading=\"lazy\" decoding=\"async\" width=\"788\" height=\"443\" src=\"https:\/\/www.demirce.com\/resimler\/\u0130LAYDA-KAPAK-G\u00d6RSEL-.jpg\" class=\"attachment-post-thumbnail size-post-thumbnail wp-post-image\" alt=\"\" srcset=\"https:\/\/www.demirce.com\/resimler\/\u0130LAYDA-KAPAK-G\u00d6RSEL-.jpg 788w, https:\/\/www.demirce.com\/resimler\/\u0130LAYDA-KAPAK-G\u00d6RSEL--768x432.jpg 768w\" sizes=\"(max-width: 788px) 100vw, 788px\" \/>\n\t\t\t\t\t<figcaption>\n\t\t\t\t\t\t<h4>\u0130LAYDA AVANTGARDE INTERIOR<\/h4>\n\t\t\t\t\t\t<p>\u0130\u00c7 M\u0130MAR\u0130, OTEL<\/p>\n\t\t\t\t\t\t<a href=\"https:\/\/www.demirce.com\/en\/portfolio\/ilayda-avantgarde-otel-ic-mekan\/\"><span class=\"screen-reader-text\">overlay link<\/span><\/a>\n\t\t\t\t\t<\/figcaption>\n\t\t\t\t<\/figure>\n\t\t\t<\/div>\n\t\t\t<div class=\"portfolio_item portfolio_item_4 interior_design residential competition\">\n\t\t\t\t<figure class=\"effect-sadie\">\n\t\t\t\t\t<img loading=\"lazy\" decoding=\"async\" width=\"788\" height=\"447\" src=\"https:\/\/www.demirce.com\/resimler\/DENRTGME-3.jpg\" class=\"attachment-post-thumbnail size-post-thumbnail wp-post-image\" alt=\"fenix 84\" srcset=\"https:\/\/www.demirce.com\/resimler\/DENRTGME-3.jpg 788w, https:\/\/www.demirce.com\/resimler\/DENRTGME-3-768x436.jpg 768w\" sizes=\"(max-width: 788px) 100vw, 788px\" \/>\n\t\t\t\t\t<figcaption>\n\t\t\t\t\t\t<h4>FENIX84 ANTALYA<\/h4>\n\t\t\t\t\t\t<p>\u0130\u00c7 M\u0130MAR\u0130, REZ\u0130DANS, YARI\u015eMA<\/p>\n\t\t\t\t\t\t<a href=\"https:\/\/www.demirce.com\/en\/portfolio\/fenix_84-rezidans_mimarisi-residence_architecture-konut_mimarisi-antalya\/\"><span class=\"screen-reader-text\">overlay link<\/span><\/a>\n\t\t\t\t\t<\/figcaption>\n\t\t\t\t<\/figure>\n\t\t\t<\/div>\n\t\t\t<div class=\"portfolio_item portfolio_item_4 interior_design mixed-use hotel residential\">\n\t\t\t\t<figure class=\"effect-sadie\">\n\t\t\t\t\t<img loading=\"lazy\" decoding=\"async\" width=\"788\" height=\"442\" src=\"https:\/\/www.demirce.com\/resimler\/COORDINAT.jpg\" class=\"attachment-post-thumbnail size-post-thumbnail wp-post-image\" alt=\"coordinat bornova\" srcset=\"https:\/\/www.demirce.com\/resimler\/COORDINAT.jpg 788w, https:\/\/www.demirce.com\/resimler\/COORDINAT-768x431.jpg 768w\" sizes=\"(max-width: 788px) 100vw, 788px\" \/>\n\t\t\t\t\t<figcaption>\n\t\t\t\t\t\t<h4>COORDINAT-BORNOVA<\/h4>\n\t\t\t\t\t\t<p>\u0130\u00c7 M\u0130MAR\u0130, KARMA KULLANIM, OTEL, REZ\u0130DANS<\/p>\n\t\t\t\t\t\t<a href=\"https:\/\/www.demirce.com\/en\/portfolio\/coordinat-bornova\/\"><span class=\"screen-reader-text\">overlay link<\/span><\/a>\n\t\t\t\t\t<\/figcaption>\n\t\t\t\t<\/figure>\n\t\t\t<\/div>\n\t\t\t<div class=\"portfolio_item portfolio_item_4 residential\">\n\t\t\t\t<figure class=\"effect-sadie\">\n\t\t\t\t\t<img loading=\"lazy\" decoding=\"async\" width=\"788\" height=\"442\" src=\"https:\/\/www.demirce.com\/resimler\/sd-apartman-g\u00f6rsel-.jpg\" class=\"attachment-post-thumbnail size-post-thumbnail wp-post-image\" alt=\"\" srcset=\"https:\/\/www.demirce.com\/resimler\/sd-apartman-g\u00f6rsel-.jpg 788w, https:\/\/www.demirce.com\/resimler\/sd-apartman-g\u00f6rsel--768x431.jpg 768w\" sizes=\"(max-width: 788px) 100vw, 788px\" \/>\n\t\t\t\t\t<figcaption>\n\t\t\t\t\t\t<h4>SD APARTMENT<\/h4>\n\t\t\t\t\t\t<p>RESIDENCE<\/p>\n\t\t\t\t\t\t<a href=\"https:\/\/www.demirce.com\/en\/portfolio\/sd-apartmani\/\"><span class=\"screen-reader-text\">overlay link<\/span><\/a>\n\t\t\t\t\t<\/figcaption>\n\t\t\t\t<\/figure>\n\t\t\t<\/div>\n\t\t\t<div class=\"portfolio_item portfolio_item_4 interior_design mixed-use hotel residential\">\n\t\t\t\t<figure class=\"effect-sadie\">\n\t\t\t\t\t<img loading=\"lazy\" decoding=\"async\" width=\"788\" height=\"447\" src=\"https:\/\/www.demirce.com\/resimler\/Untitled-1-2.jpg\" class=\"attachment-post-thumbnail size-post-thumbnail wp-post-image\" alt=\"\" srcset=\"https:\/\/www.demirce.com\/resimler\/Untitled-1-2.jpg 788w, https:\/\/www.demirce.com\/resimler\/Untitled-1-2-768x436.jpg 768w\" sizes=\"(max-width: 788px) 100vw, 788px\" \/>\n\t\t\t\t\t<figcaption>\n\t\t\t\t\t\t<h4>BORNCITY REZ\u0130DANS-OTEL<\/h4>\n\t\t\t\t\t\t<p>\u0130\u00c7 M\u0130MAR\u0130, KARMA KULLANIM, OTEL, REZ\u0130DANS<\/p>\n\t\t\t\t\t\t<a href=\"https:\/\/www.demirce.com\/en\/portfolio\/borncity-rezidans-otel\/\"><span class=\"screen-reader-text\">overlay link<\/span><\/a>\n\t\t\t\t\t<\/figcaption>\n\t\t\t\t<\/figure>\n\t\t\t<\/div>\n\t\t\t<div class=\"portfolio_item portfolio_item_4 educational mixed-use competition\">\n\t\t\t\t<figure class=\"effect-sadie\">\n\t\t\t\t\t<img loading=\"lazy\" decoding=\"async\" width=\"788\" height=\"443\" src=\"https:\/\/www.demirce.com\/resimler\/MEZ\u0130TL\u0130-YARI\u015eMASI-1.-\u00d6D\u00dcL-G\u00d6RSEL-KAPAK.jpg\" class=\"attachment-post-thumbnail size-post-thumbnail wp-post-image\" alt=\"\" srcset=\"https:\/\/www.demirce.com\/resimler\/MEZ\u0130TL\u0130-YARI\u015eMASI-1.-\u00d6D\u00dcL-G\u00d6RSEL-KAPAK.jpg 788w, https:\/\/www.demirce.com\/resimler\/MEZ\u0130TL\u0130-YARI\u015eMASI-1.-\u00d6D\u00dcL-G\u00d6RSEL-KAPAK-768x432.jpg 768w\" sizes=\"(max-width: 788px) 100vw, 788px\" \/>\n\t\t\t\t\t<figcaption>\n\t\t\t\t\t\t<h4>MERS\u0130N MEZ\u0130TL\u0130 EDUCATION CAMPUS COMPETITION \u2013 1ST PRIZE<\/h4>\n\t\t\t\t\t\t<p>E\u011e\u0130T\u0130M, KARMA KULLANIM, YARI\u015eMA<\/p>\n\t\t\t\t\t\t<a href=\"https:\/\/www.demirce.com\/en\/portfolio\/mersin-mezitli-egitim-kampusu-yarismasi-1-odul\/\"><span class=\"screen-reader-text\">overlay link<\/span><\/a>\n\t\t\t\t\t<\/figcaption>\n\t\t\t\t<\/figure>\n\t\t\t<\/div>\n\t\t\t<div class=\"portfolio_item portfolio_item_4 interior_design residential competition\">\n\t\t\t\t<figure class=\"effect-sadie\">\n\t\t\t\t\t<img loading=\"lazy\" decoding=\"async\" width=\"788\" height=\"442\" src=\"https:\/\/www.demirce.com\/resimler\/RGTHGTH.jpg\" class=\"attachment-post-thumbnail size-post-thumbnail wp-post-image\" alt=\"\" srcset=\"https:\/\/www.demirce.com\/resimler\/RGTHGTH.jpg 788w, https:\/\/www.demirce.com\/resimler\/RGTHGTH-768x431.jpg 768w\" sizes=\"(max-width: 788px) 100vw, 788px\" \/>\n\t\t\t\t\t<figcaption>\n\t\t\t\t\t\t<h4>FOLKART LIFE<\/h4>\n\t\t\t\t\t\t<p>\u0130\u00c7 M\u0130MAR\u0130, REZ\u0130DANS, YARI\u015eMA<\/p>\n\t\t\t\t\t\t<a href=\"https:\/\/www.demirce.com\/en\/portfolio\/folkart-life-bornova-2\/\"><span class=\"screen-reader-text\">overlay link<\/span><\/a>\n\t\t\t\t\t<\/figcaption>\n\t\t\t\t<\/figure>\n\t\t\t<\/div>\n\t\t\t<div class=\"portfolio_item portfolio_item_4 residential\">\n\t\t\t\t<figure class=\"effect-sadie\">\n\t\t\t\t\t<img loading=\"lazy\" decoding=\"async\" width=\"788\" height=\"442\" src=\"https:\/\/www.demirce.com\/resimler\/DHGHJYJ.jpg\" class=\"attachment-post-thumbnail size-post-thumbnail wp-post-image\" alt=\"\" srcset=\"https:\/\/www.demirce.com\/resimler\/DHGHJYJ.jpg 788w, https:\/\/www.demirce.com\/resimler\/DHGHJYJ-768x431.jpg 768w\" sizes=\"(max-width: 788px) 100vw, 788px\" \/>\n\t\t\t\t\t<figcaption>\n\t\t\t\t\t\t<h4>LA BONITA \u00c7\u0130\u011eL\u0130<\/h4>\n\t\t\t\t\t\t<p>RESIDENCE<\/p>\n\t\t\t\t\t\t<a href=\"https:\/\/www.demirce.com\/en\/portfolio\/la-bonita-cigli-2\/\"><span class=\"screen-reader-text\">overlay link<\/span><\/a>\n\t\t\t\t\t<\/figcaption>\n\t\t\t\t<\/figure>\n\t\t\t<\/div>\n\t\t\t<div class=\"portfolio_item portfolio_item_4 interior_design residential\">\n\t\t\t\t<figure class=\"effect-sadie\">\n\t\t\t\t\t<img loading=\"lazy\" decoding=\"async\" width=\"788\" height=\"443\" src=\"https:\/\/www.demirce.com\/resimler\/TLPM-KAPAK-1-2.jpg\" class=\"attachment-post-thumbnail size-post-thumbnail wp-post-image\" alt=\"\" srcset=\"https:\/\/www.demirce.com\/resimler\/TLPM-KAPAK-1-2.jpg 788w, https:\/\/www.demirce.com\/resimler\/TLPM-KAPAK-1-2-768x432.jpg 768w\" sizes=\"(max-width: 788px) 100vw, 788px\" \/>\n\t\t\t\t\t<figcaption>\n\t\t\t\t\t\t<h4>TLP EV\u0130<\/h4>\n\t\t\t\t\t\t<p>\u0130\u00c7 M\u0130MAR\u0130, REZ\u0130DANS<\/p>\n\t\t\t\t\t\t<a href=\"https:\/\/www.demirce.com\/en\/portfolio\/tlp-house\/\"><span class=\"screen-reader-text\">overlay link<\/span><\/a>\n\t\t\t\t\t<\/figcaption>\n\t\t\t\t<\/figure>\n\t\t\t<\/div>\n\t\t\t<div class=\"portfolio_item portfolio_item_4 residential\">\n\t\t\t\t<figure class=\"effect-sadie\">\n\t\t\t\t\t<img loading=\"lazy\" decoding=\"async\" width=\"788\" height=\"442\" src=\"https:\/\/www.demirce.com\/resimler\/image_preview-3-19.jpeg\" class=\"attachment-post-thumbnail size-post-thumbnail wp-post-image\" alt=\"\" srcset=\"https:\/\/www.demirce.com\/resimler\/image_preview-3-19.jpeg 788w, https:\/\/www.demirce.com\/resimler\/image_preview-3-19-768x431.jpeg 768w\" sizes=\"(max-width: 788px) 100vw, 788px\" \/>\n\t\t\t\t\t<figcaption>\n\t\t\t\t\t\t<h4>D-LIFE PANDORA<\/h4>\n\t\t\t\t\t\t<p>RESIDENCE<\/p>\n\t\t\t\t\t\t<a href=\"https:\/\/www.demirce.com\/en\/portfolio\/d-life-pandora\/\"><span class=\"screen-reader-text\">overlay link<\/span><\/a>\n\t\t\t\t\t<\/figcaption>\n\t\t\t\t<\/figure>\n\t\t\t<\/div>\n\t\t\t<div class=\"portfolio_item portfolio_item_4 residential\">\n\t\t\t\t<figure class=\"effect-sadie\">\n\t\t\t\t\t<img loading=\"lazy\" decoding=\"async\" width=\"788\" height=\"447\" src=\"https:\/\/www.demirce.com\/resimler\/KAZAK\u0130STAN-KAPAK-G\u00d6RSEL-.jpg\" class=\"attachment-post-thumbnail size-post-thumbnail wp-post-image\" alt=\"\" srcset=\"https:\/\/www.demirce.com\/resimler\/KAZAK\u0130STAN-KAPAK-G\u00d6RSEL-.jpg 788w, https:\/\/www.demirce.com\/resimler\/KAZAK\u0130STAN-KAPAK-G\u00d6RSEL--768x436.jpg 768w\" sizes=\"(max-width: 788px) 100vw, 788px\" \/>\n\t\t\t\t\t<figcaption>\n\t\t\t\t\t\t<h4>YPA\u041b HOUSES-KAZAK\u0130STAN<\/h4>\n\t\t\t\t\t\t<p>RESIDENCE<\/p>\n\t\t\t\t\t\t<a href=\"https:\/\/www.demirce.com\/en\/portfolio\/ypa%d0%bb-houses-kazakistan\/\"><span class=\"screen-reader-text\">overlay link<\/span><\/a>\n\t\t\t\t\t<\/figcaption>\n\t\t\t\t<\/figure>\n\t\t\t<\/div>\n\t\t\t\n\t\t<\/div><\/div><\/div><\/div>\n\t\t\n\t\t\n\t<\/section><section class=\"tcvpb_section_tc section_body_fullwidth\">\n\t\t\n\t\t<div class=\"tcvpb_section_content\"><div class=\"tcvpb_container\"><div class=\"tcvpb_column_tc_span12\"><div  class=\"tcvpb_divider tcvpb_divider_solid\"><a href=\"#\" class=\"backtotop\"><\/a><\/div><\/div><\/div><\/div>\n\t\t\n\t\t\n\t<\/section><section id=\"iletisim\" class=\"tcvpb_section_tc section_with_header\">\n\t\t<header><div class=\"tcvpb_container\"><h3>CONTACT US<\/h3><div class=\"tcvpb_section_header_icon\"><i class=\"bm-email-1\"><\/i><\/div><\/div><\/header>\n\t\t<div class=\"tcvpb_section_content\"><div class=\"tcvpb_container\"><div class=\"tcvpb_column_tc_span3\"><\/div><div class=\"tcvpb_column_tc_span6\">\n<div class=\"wpcf7 no-js\" id=\"wpcf7-f5849-o1\" lang=\"tr-TR\" dir=\"ltr\">\n<div class=\"screen-reader-response\"><p role=\"status\" aria-live=\"polite\" aria-atomic=\"true\"><\/p> <ul><\/ul><\/div>\n<form action=\"\/en\/wp-json\/wp\/v2\/pages\/7579#wpcf7-f5849-o1\" method=\"post\" class=\"wpcf7-form init\" aria-label=\"Contact form\" novalidate=\"novalidate\" data-status=\"init\" data-trp-original-action=\"\/en\/wp-json\/wp\/v2\/pages\/7579#wpcf7-f5849-o1\">\n<div style=\"display: none;\">\n<input type=\"hidden\" name=\"_wpcf7\" value=\"5849\" \/>\n<input type=\"hidden\" name=\"_wpcf7_version\" value=\"5.7.3\" \/>\n<input type=\"hidden\" name=\"_wpcf7_locale\" value=\"tr_TR\" \/>\n<input type=\"hidden\" name=\"_wpcf7_unit_tag\" value=\"wpcf7-f5849-o1\" \/>\n<input type=\"hidden\" name=\"_wpcf7_container_post\" value=\"0\" \/>\n<input type=\"hidden\" name=\"_wpcf7_posted_data_hash\" value=\"\" \/>\n<\/div>\n<p><label> Your name (required)<br \/>\n<span class=\"wpcf7-form-control-wrap\" data-name=\"your-name\"><input size=\"40\" class=\"wpcf7-form-control wpcf7-text wpcf7-validates-as-required\" aria-required=\"true\" aria-invalid=\"false\" value=\"\" type=\"text\" name=\"your-name\" \/><\/span><\/label>\n<\/p>\n<p><label> Your e-mail (required)<br \/>\n<span class=\"wpcf7-form-control-wrap\" data-name=\"your-email\"><input size=\"40\" class=\"wpcf7-form-control wpcf7-text wpcf7-email wpcf7-validates-as-required wpcf7-validates-as-email\" aria-required=\"true\" aria-invalid=\"false\" value=\"\" type=\"email\" name=\"your-email\" \/><\/span><\/label>\n<\/p>\n<p><label> Subject<br \/>\n<span class=\"wpcf7-form-control-wrap\" data-name=\"your-subject\"><input size=\"40\" class=\"wpcf7-form-control wpcf7-text\" aria-invalid=\"false\" value=\"\" type=\"text\" name=\"your-subject\" \/><\/span><\/label>\n<\/p>\n<p><label> Your message<br \/>\n<span class=\"wpcf7-form-control-wrap\" data-name=\"your-message\"><textarea cols=\"40\" rows=\"10\" class=\"wpcf7-form-control wpcf7-textarea\" aria-invalid=\"false\" name=\"your-message\"><\/textarea><\/span><\/label>\n<\/p>\n<p><div class=\"wdm-nocapt-recapt wpcf7-form-control wpcf7-recaptcha wdm-recaptcha-resize\" id=\"wdm-nocapt-recapt-id-recaptcha-201\" theme=\"light\" type=\"recaptcha\" style=\"transform:scale(0.75);transform-origin:0;-webkit-transform:scale(0.75);transform:scale(0.75);-webkit-transform-origin:0 0;transform-origin:0 0; 0\"><\/div><span class=\"wpcf7-form-control-wrap recaptcha-201\"><\/span>\n<\/p>\n<p><input class=\"wpcf7-form-control has-spinner wpcf7-submit\" type=\"submit\" value=\"Send\" \/>\n<\/p><div class=\"wpcf7-response-output\" aria-hidden=\"true\"><\/div>\n<input type=\"hidden\" name=\"trp-form-language\" value=\"en\"\/><\/form>\n<\/div>\n<div  class=\"\" >\n<p class=\"p_tc\"><span style=\"font-size: 10pt;\"><strong>Phone:<\/strong> +90 850 441 46 69<\/span><\/p>\n<p class=\"p_tc\"><span style=\"font-size: 10pt;\"><strong>E-Posta:<\/strong> info@demirce.com<\/span><\/p>\n<p class=\"p_tc\"><span style=\"font-size: 10pt;\"><strong>Address:<\/strong> K\u00fclt\u00fcr Mahallesi Cumhuriyet Bulvar\u0131 No:133\/3 Alsancak \/ \u0130zmir, Turkey<\/span><\/p>\n<\/div><\/div><div class=\"tcvpb_column_tc_span3\"><\/div><\/div><\/div>\n\t\t\n\t\t\n\t<\/section><section class=\"tcvpb_section_tc section_body_fullwidth\">\n\t\t\n\t\t<div class=\"tcvpb_section_content\"><div class=\"tcvpb_container\"><div class=\"tcvpb_column_tc_span12\"><div  class=\"tcvpb_divider tcvpb_divider_solid\"><a href=\"#\" class=\"backtotop\"><\/a><\/div><\/div><\/div><\/div>\n\t\t\n\t\t\n\t<\/section><section class=\"tcvpb_section_tc\">\n\t\t\n\t\t<div class=\"tcvpb_section_content\"><div class=\"tcvpb_container\"><div class=\"tcvpb_column_tc_span12\"><\/div><\/div><\/div>\n\t\t\n\t\t\n\t<\/section>","protected":false},"excerpt":{"rendered":"","protected":false},"author":5,"featured_media":0,"parent":0,"menu_order":1,"comment_status":"closed","ping_status":"closed","template":"page-front-page-revolution.php","meta":{"footnotes":""},"_links":{"self":[{"href":"https:\/\/www.demirce.com\/en\/wp-json\/wp\/v2\/pages\/7579"}],"collection":[{"href":"https:\/\/www.demirce.com\/en\/wp-json\/wp\/v2\/pages"}],"about":[{"href":"https:\/\/www.demirce.com\/en\/wp-json\/wp\/v2\/types\/page"}],"author":[{"embeddable":true,"href":"https:\/\/www.demirce.com\/en\/wp-json\/wp\/v2\/users\/5"}],"replies":[{"embeddable":true,"href":"https:\/\/www.demirce.com\/en\/wp-json\/wp\/v2\/comments?post=7579"}],"version-history":[{"count":21,"href":"https:\/\/www.demirce.com\/en\/wp-json\/wp\/v2\/pages\/7579\/revisions"}],"predecessor-version":[{"id":7667,"href":"https:\/\/www.demirce.com\/en\/wp-json\/wp\/v2\/pages\/7579\/revisions\/7667"}],"wp:attachment":[{"href":"https:\/\/www.demirce.com\/en\/wp-json\/wp\/v2\/media?parent=7579"}],"curies":[{"name":"wp","href":"https:\/\/api.w.org\/{rel}","templated":true}]}}